{"id":424,"date":"2025-03-22T17:28:09","date_gmt":"2025-03-22T17:28:09","guid":{"rendered":"http:\/\/tpd-transport.com\/?page_id=424"},"modified":"2025-05-08T08:32:58","modified_gmt":"2025-05-08T08:32:58","slug":"sicherheit-und-technologie","status":"publish","type":"page","link":"https:\/\/tpd-transport.com\/index.php\/sicherheit-und-technologie\/","title":{"rendered":"Sicherheit und Technologie"},"content":{"rendered":"\t\t<div data-elementor-type=\"wp-page\" data-elementor-id=\"424\" class=\"elementor elementor-424\">\n\t\t\t\t<header class=\"elementor-element elementor-element-3b780523 e-con-full e-flex e-con e-parent\" data-id=\"3b780523\" data-element_type=\"container\">\n\t\t<div class=\"elementor-element elementor-element-6868e524 e-con-full e-flex e-con e-child\" data-id=\"6868e524\" data-element_type=\"container\">\n\t\t\t\t<div class=\"elementor-element elementor-element-1e9c9220 elementor-widget elementor-widget-image\" data-id=\"1e9c9220\" data-element_type=\"widget\" data-widget_type=\"image.default\">\n\t\t\t\t<div class=\"elementor-widget-container\">\n\t\t\t\t\t\t\t\t\t\t\t\t\t\t\t<img fetchpriority=\"high\" decoding=\"async\" width=\"773\" height=\"220\" src=\"https:\/\/tpd-transport.com\/wp-content\/uploads\/2025\/03\/Zrzut-ekranu-2025-03-23-o-12.05.58.png\" class=\"attachment-full size-full wp-image-817\" alt=\"\" srcset=\"https:\/\/tpd-transport.com\/wp-content\/uploads\/2025\/03\/Zrzut-ekranu-2025-03-23-o-12.05.58.png 773w, https:\/\/tpd-transport.com\/wp-content\/uploads\/2025\/03\/Zrzut-ekranu-2025-03-23-o-12.05.58-300x85.png 300w, https:\/\/tpd-transport.com\/wp-content\/uploads\/2025\/03\/Zrzut-ekranu-2025-03-23-o-12.05.58-768x219.png 768w\" sizes=\"(max-width: 773px) 100vw, 773px\" \/>\t\t\t\t\t\t\t\t\t\t\t\t\t\t\t<\/div>\n\t\t\t\t<\/div>\n\t\t\t\t<\/div>\n\t\t<div class=\"elementor-element elementor-element-27a874a3 e-con-full e-flex e-con e-child\" data-id=\"27a874a3\" data-element_type=\"container\">\n\t\t\t\t<div class=\"elementor-element elementor-element-700624d3 elementor-align-right elementor-icon-list--layout-traditional elementor-list-item-link-full_width elementor-widget elementor-widget-icon-list\" data-id=\"700624d3\" data-element_type=\"widget\" data-widget_type=\"icon-list.default\">\n\t\t\t\t<div class=\"elementor-widget-container\">\n\t\t\t\t\t\t\t<ul class=\"elementor-icon-list-items\">\n\t\t\t\t\t\t\t<li class=\"elementor-icon-list-item\">\n\t\t\t\t\t\t\t\t\t\t\t<span class=\"elementor-icon-list-icon\">\n\t\t\t\t\t\t\t<svg aria-hidden=\"true\" class=\"e-font-icon-svg e-fas-mail-bulk\" viewBox=\"0 0 576 512\" xmlns=\"http:\/\/www.w3.org\/2000\/svg\"><path d=\"M160 448c-25.6 0-51.2-22.4-64-32-64-44.8-83.2-60.8-96-70.4V480c0 17.67 14.33 32 32 32h256c17.67 0 32-14.33 32-32V345.6c-12.8 9.6-32 25.6-96 70.4-12.8 9.6-38.4 32-64 32zm128-192H32c-17.67 0-32 14.33-32 32v16c25.6 19.2 22.4 19.2 115.2 86.4 9.6 6.4 28.8 25.6 44.8 25.6s35.2-19.2 44.8-22.4c92.8-67.2 89.6-67.2 115.2-86.4V288c0-17.67-14.33-32-32-32zm256-96H224c-17.67 0-32 14.33-32 32v32h96c33.21 0 60.59 25.42 63.71 57.82l.29-.22V416h192c17.67 0 32-14.33 32-32V192c0-17.67-14.33-32-32-32zm-32 128h-64v-64h64v64zm-352-96c0-35.29 28.71-64 64-64h224V32c0-17.67-14.33-32-32-32H96C78.33 0 64 14.33 64 32v192h96v-32z\"><\/path><\/svg>\t\t\t\t\t\t<\/span>\n\t\t\t\t\t\t\t\t\t\t<span class=\"elementor-icon-list-text\">kontakt@tpd-transport.com<\/span>\n\t\t\t\t\t\t\t\t\t<\/li>\n\t\t\t\t\t\t<\/ul>\n\t\t\t\t\t\t<\/div>\n\t\t\t\t<\/div>\n\t\t\t\t<\/div>\n\t\t\t\t<\/header>\n\t\t<div class=\"elementor-element elementor-element-3ce5404e e-con-full e-flex e-con e-parent\" data-id=\"3ce5404e\" data-element_type=\"container\" id=\"next\">\n\t\t\t\t<div class=\"elementor-element elementor-element-78f64c32 elementor-widget elementor-widget-heading\" data-id=\"78f64c32\" data-element_type=\"widget\" data-widget_type=\"heading.default\">\n\t\t\t\t<div class=\"elementor-widget-container\">\n\t\t\t\t\t<h3 class=\"elementor-heading-title elementor-size-default\">Sicherheit und Technologie <\/h3>\t\t\t\t<\/div>\n\t\t\t\t<\/div>\n\t\t\t\t<div class=\"elementor-element elementor-element-599b835 elementor-widget elementor-widget-heading\" data-id=\"599b835\" data-element_type=\"widget\" data-widget_type=\"heading.default\">\n\t\t\t\t<div class=\"elementor-widget-container\">\n\t\t\t\t\t<p class=\"elementor-heading-title elementor-size-default\">Der Transport von Autoscheiben ist eine anspruchsvolle Aufgabe \u2013 selbst kleinste Besch\u00e4digungen k\u00f6nnen die Ladung unbrauchbar machen. Daher setzen wir modernste L\u00f6sungen ein, um das Risiko von Ersch\u00fctterungen, Rissen und anderen Sch\u00e4den w\u00e4hrend des Transports zu minimieren.<\/p>\t\t\t\t<\/div>\n\t\t\t\t<\/div>\n\t\t\t\t<div class=\"elementor-element elementor-element-a537aba elementor-widget elementor-widget-spacer\" data-id=\"a537aba\" data-element_type=\"widget\" data-widget_type=\"spacer.default\">\n\t\t\t\t<div class=\"elementor-widget-container\">\n\t\t\t\t\t\t\t<div class=\"elementor-spacer\">\n\t\t\t<div class=\"elementor-spacer-inner\"><\/div>\n\t\t<\/div>\n\t\t\t\t\t\t<\/div>\n\t\t\t\t<\/div>\n\t\t\t\t<div class=\"elementor-element elementor-element-5b8b7c3 elementor-widget elementor-widget-heading\" data-id=\"5b8b7c3\" data-element_type=\"widget\" data-widget_type=\"heading.default\">\n\t\t\t\t<div class=\"elementor-widget-container\">\n\t\t\t\t\t<h2 class=\"elementor-heading-title elementor-size-default\">Spezialisierte Methoden zur Glasbefestigung<\/h2>\t\t\t\t<\/div>\n\t\t\t\t<\/div>\n\t\t<div class=\"elementor-element elementor-element-4da96dd7 e-con-full e-flex e-con e-child\" data-id=\"4da96dd7\" data-element_type=\"container\">\n\t\t<div class=\"elementor-element elementor-element-3631de90 e-con-full e-flex e-con e-child\" data-id=\"3631de90\" data-element_type=\"container\">\n\t\t\t\t<div class=\"elementor-element elementor-element-600960a elementor-position-top elementor-widget elementor-widget-image-box\" data-id=\"600960a\" data-element_type=\"widget\" data-widget_type=\"image-box.default\">\n\t\t\t\t<div class=\"elementor-widget-container\">\n\t\t\t\t\t<div class=\"elementor-image-box-wrapper\"><figure class=\"elementor-image-box-img\"><img decoding=\"async\" width=\"500\" height=\"500\" src=\"https:\/\/tpd-transport.com\/wp-content\/uploads\/2025\/03\/7.png\" class=\"elementor-animation-grow attachment-full size-full wp-image-990\" alt=\"\" srcset=\"https:\/\/tpd-transport.com\/wp-content\/uploads\/2025\/03\/7.png 500w, https:\/\/tpd-transport.com\/wp-content\/uploads\/2025\/03\/7-300x300.png 300w, https:\/\/tpd-transport.com\/wp-content\/uploads\/2025\/03\/7-150x150.png 150w\" sizes=\"(max-width: 500px) 100vw, 500px\" \/><\/figure><div class=\"elementor-image-box-content\"><h4 class=\"elementor-image-box-title\"> Transportgestelle<\/h4><p class=\"elementor-image-box-description\">Spezielle Gestelle f\u00fcr den Transport von Autoscheiben, die eine stabile Positionierung der Scheiben gew\u00e4hrleisten.\u200b\nMit Filz beschichtete Gummiauflagen verhindern Kratzer und ein Verrutschen des Glases.\u200b\nAnpassbar je nach Dicke und Art des Glases (geh\u00e4rtet, laminiert, Isolierglas).\u200b<\/p><\/div><\/div>\t\t\t\t<\/div>\n\t\t\t\t<\/div>\n\t\t\t\t<\/div>\n\t\t<div class=\"elementor-element elementor-element-2bfba187 e-con-full e-flex e-con e-child\" data-id=\"2bfba187\" data-element_type=\"container\">\n\t\t\t\t<div class=\"elementor-element elementor-element-2bf5aa14 elementor-position-top elementor-widget elementor-widget-image-box\" data-id=\"2bf5aa14\" data-element_type=\"widget\" data-widget_type=\"image-box.default\">\n\t\t\t\t<div class=\"elementor-widget-container\">\n\t\t\t\t\t<div class=\"elementor-image-box-wrapper\"><figure class=\"elementor-image-box-img\"><img decoding=\"async\" width=\"500\" height=\"500\" src=\"https:\/\/tpd-transport.com\/wp-content\/uploads\/2025\/03\/6.png\" class=\"elementor-animation-grow attachment-full size-full wp-image-989\" alt=\"\" srcset=\"https:\/\/tpd-transport.com\/wp-content\/uploads\/2025\/03\/6.png 500w, https:\/\/tpd-transport.com\/wp-content\/uploads\/2025\/03\/6-300x300.png 300w, https:\/\/tpd-transport.com\/wp-content\/uploads\/2025\/03\/6-150x150.png 150w\" sizes=\"(max-width: 500px) 100vw, 500px\" \/><\/figure><div class=\"elementor-image-box-content\"><h4 class=\"elementor-image-box-title\">Spanngurtsysteme<\/h4><p class=\"elementor-image-box-description\">Sto\u00dfd\u00e4mpfende Spanngurte sorgen f\u00fcr Stabilit\u00e4t, selbst bei dynamischen Fahrman\u00f6vern.\u200b\nPr\u00e4zise Befestigung jeder Scheibe mit elastischen Gurten, die keinen Druck auf die Glaskanten aus\u00fcben.\u200b<\/p><\/div><\/div>\t\t\t\t<\/div>\n\t\t\t\t<\/div>\n\t\t\t\t<\/div>\n\t\t<div class=\"elementor-element elementor-element-73881d7a e-con-full e-flex e-con e-child\" data-id=\"73881d7a\" data-element_type=\"container\">\n\t\t\t\t<div class=\"elementor-element elementor-element-3872393f elementor-position-top elementor-widget elementor-widget-image-box\" data-id=\"3872393f\" data-element_type=\"widget\" data-widget_type=\"image-box.default\">\n\t\t\t\t<div class=\"elementor-widget-container\">\n\t\t\t\t\t<div class=\"elementor-image-box-wrapper\"><figure class=\"elementor-image-box-img\"><img loading=\"lazy\" decoding=\"async\" width=\"500\" height=\"500\" src=\"https:\/\/tpd-transport.com\/wp-content\/uploads\/2025\/03\/5.png\" class=\"elementor-animation-grow attachment-full size-full wp-image-988\" alt=\"\" srcset=\"https:\/\/tpd-transport.com\/wp-content\/uploads\/2025\/03\/5.png 500w, https:\/\/tpd-transport.com\/wp-content\/uploads\/2025\/03\/5-300x300.png 300w, https:\/\/tpd-transport.com\/wp-content\/uploads\/2025\/03\/5-150x150.png 150w\" sizes=\"(max-width: 500px) 100vw, 500px\" \/><\/figure><div class=\"elementor-image-box-content\"><h4 class=\"elementor-image-box-title\">Reduzierung von Vibrationen und Ersch\u00fctterungen<\/h4><p class=\"elementor-image-box-description\">Unsere Fahrzeuge sind mit D\u00e4mpfungssystemen ausgestattet, die Vibrationen w\u00e4hrend des Transports reduzieren.\u200b\nRutschfeste Unterlagen und verst\u00e4rkte Laderaumw\u00e4nde bieten zus\u00e4tzlichen Schutz vor Besch\u00e4digungen.\u200b<\/p><\/div><\/div>\t\t\t\t<\/div>\n\t\t\t\t<\/div>\n\t\t\t\t<\/div>\n\t\t\t\t<\/div>\n\t\t\t\t<\/div>\n\t\t<div class=\"elementor-element elementor-element-dd7892e e-con-full e-flex e-con e-parent\" data-id=\"dd7892e\" data-element_type=\"container\">\n\t\t\t\t<div class=\"elementor-element elementor-element-bfc0b7c elementor-widget elementor-widget-spacer\" data-id=\"bfc0b7c\" data-element_type=\"widget\" data-widget_type=\"spacer.default\">\n\t\t\t\t<div class=\"elementor-widget-container\">\n\t\t\t\t\t\t\t<div class=\"elementor-spacer\">\n\t\t\t<div class=\"elementor-spacer-inner\"><\/div>\n\t\t<\/div>\n\t\t\t\t\t\t<\/div>\n\t\t\t\t<\/div>\n\t\t\t\t<div class=\"elementor-element elementor-element-254d051 elementor-widget elementor-widget-heading\" data-id=\"254d051\" data-element_type=\"widget\" data-widget_type=\"heading.default\">\n\t\t\t\t<div class=\"elementor-widget-container\">\n\t\t\t\t\t<h2 class=\"elementor-heading-title elementor-size-default\">GPS und Flotten\u00fcberwachung \u2013 Volle Kontrolle \u00fcber den Transport<\/h2>\t\t\t\t<\/div>\n\t\t\t\t<\/div>\n\t\t<div class=\"elementor-element elementor-element-3e0ea4d e-con-full e-flex e-con e-child\" data-id=\"3e0ea4d\" data-element_type=\"container\">\n\t\t<div class=\"elementor-element elementor-element-b543716 e-con-full e-flex e-con e-child\" data-id=\"b543716\" data-element_type=\"container\">\n\t\t\t\t<div class=\"elementor-element elementor-element-2d6bab8 elementor-position-top elementor-widget elementor-widget-image-box\" data-id=\"2d6bab8\" data-element_type=\"widget\" data-widget_type=\"image-box.default\">\n\t\t\t\t<div class=\"elementor-widget-container\">\n\t\t\t\t\t<div class=\"elementor-image-box-wrapper\"><figure class=\"elementor-image-box-img\"><img loading=\"lazy\" decoding=\"async\" width=\"500\" height=\"500\" src=\"https:\/\/tpd-transport.com\/wp-content\/uploads\/2025\/03\/4.png\" class=\"elementor-animation-grow attachment-full size-full wp-image-987\" alt=\"\" srcset=\"https:\/\/tpd-transport.com\/wp-content\/uploads\/2025\/03\/4.png 500w, https:\/\/tpd-transport.com\/wp-content\/uploads\/2025\/03\/4-300x300.png 300w, https:\/\/tpd-transport.com\/wp-content\/uploads\/2025\/03\/4-150x150.png 150w\" sizes=\"(max-width: 500px) 100vw, 500px\" \/><\/figure><div class=\"elementor-image-box-content\"><h4 class=\"elementor-image-box-title\">24\/7 Echtzeit\u00fcberwachung: <\/h4><p class=\"elementor-image-box-description\">Unsere Kunden k\u00f6nnen den Standort ihrer Lieferung jederzeit verfolgen.\u200b<\/p><\/div><\/div>\t\t\t\t<\/div>\n\t\t\t\t<\/div>\n\t\t\t\t<\/div>\n\t\t<div class=\"elementor-element elementor-element-2c88a67 e-con-full e-flex e-con e-child\" data-id=\"2c88a67\" data-element_type=\"container\">\n\t\t\t\t<div class=\"elementor-element elementor-element-4914b45 elementor-position-top elementor-widget elementor-widget-image-box\" data-id=\"4914b45\" data-element_type=\"widget\" data-widget_type=\"image-box.default\">\n\t\t\t\t<div class=\"elementor-widget-container\">\n\t\t\t\t\t<div class=\"elementor-image-box-wrapper\"><figure class=\"elementor-image-box-img\"><img loading=\"lazy\" decoding=\"async\" width=\"500\" height=\"500\" src=\"https:\/\/tpd-transport.com\/wp-content\/uploads\/2025\/03\/3.png\" class=\"elementor-animation-grow attachment-full size-full wp-image-986\" alt=\"\" srcset=\"https:\/\/tpd-transport.com\/wp-content\/uploads\/2025\/03\/3.png 500w, https:\/\/tpd-transport.com\/wp-content\/uploads\/2025\/03\/3-300x300.png 300w, https:\/\/tpd-transport.com\/wp-content\/uploads\/2025\/03\/3-150x150.png 150w\" sizes=\"(max-width: 500px) 100vw, 500px\" \/><\/figure><div class=\"elementor-image-box-content\"><h4 class=\"elementor-image-box-title\">Dynamische Routenoptimierung: <\/h4><p class=\"elementor-image-box-description\">Wir passen unsere Routen in Echtzeit an, um Verz\u00f6gerungen zu vermeiden und die Effizienz zu steigern.\u200b<\/p><\/div><\/div>\t\t\t\t<\/div>\n\t\t\t\t<\/div>\n\t\t\t\t<\/div>\n\t\t<div class=\"elementor-element elementor-element-62fb3d5 e-con-full e-flex e-con e-child\" data-id=\"62fb3d5\" data-element_type=\"container\">\n\t\t\t\t<div class=\"elementor-element elementor-element-13a87f7 elementor-position-top elementor-widget elementor-widget-image-box\" data-id=\"13a87f7\" data-element_type=\"widget\" data-widget_type=\"image-box.default\">\n\t\t\t\t<div class=\"elementor-widget-container\">\n\t\t\t\t\t<div class=\"elementor-image-box-wrapper\"><figure class=\"elementor-image-box-img\"><img loading=\"lazy\" decoding=\"async\" width=\"500\" height=\"500\" src=\"https:\/\/tpd-transport.com\/wp-content\/uploads\/2025\/03\/2.png\" class=\"elementor-animation-grow attachment-full size-full wp-image-985\" alt=\"\" srcset=\"https:\/\/tpd-transport.com\/wp-content\/uploads\/2025\/03\/2.png 500w, https:\/\/tpd-transport.com\/wp-content\/uploads\/2025\/03\/2-300x300.png 300w, https:\/\/tpd-transport.com\/wp-content\/uploads\/2025\/03\/2-150x150.png 150w\" sizes=\"(max-width: 500px) 100vw, 500px\" \/><\/figure><div class=\"elementor-image-box-content\"><h4 class=\"elementor-image-box-title\">Benachrichtigungen \u00fcber den Lieferstatus<\/h4><p class=\"elementor-image-box-description\">Unsere Kunden werden \u00fcber jeden Schritt des Transports informiert.\u200b\n<\/p><\/div><\/div>\t\t\t\t<\/div>\n\t\t\t\t<\/div>\n\t\t\t\t<\/div>\n\t\t\t\t<\/div>\n\t\t\t\t<\/div>\n\t\t<div class=\"elementor-element elementor-element-78241416 e-con-full e-flex e-con e-parent\" data-id=\"78241416\" data-element_type=\"container\" data-settings=\"{&quot;background_background&quot;:&quot;classic&quot;}\">\n\t\t\t\t<div class=\"elementor-element elementor-element-5c4afe9 elementor-widget elementor-widget-heading\" data-id=\"5c4afe9\" data-element_type=\"widget\" data-widget_type=\"heading.default\">\n\t\t\t\t<div class=\"elementor-widget-container\">\n\t\t\t\t\t<h2 class=\"elementor-heading-title elementor-size-default\">Laut Branchenstudien resultieren \u00fcber 30\u202f% der Sch\u00e4den an Autoscheiben beim Transport aus unsachgem\u00e4\u00dfer Ladungssicherung. \n<\/h2>\t\t\t\t<\/div>\n\t\t\t\t<\/div>\n\t\t\t\t<div class=\"elementor-element elementor-element-6501c29 elementor-widget elementor-widget-heading\" data-id=\"6501c29\" data-element_type=\"widget\" data-widget_type=\"heading.default\">\n\t\t\t\t<div class=\"elementor-widget-container\">\n\t\t\t\t\t<h2 class=\"elementor-heading-title elementor-size-default\">\nDurch unsere Technologien eliminieren wir dieses Risiko.\n\n<\/h2>\t\t\t\t<\/div>\n\t\t\t\t<\/div>\n\t\t\t\t<div class=\"elementor-element elementor-element-79d331e elementor-widget elementor-widget-heading\" data-id=\"79d331e\" data-element_type=\"widget\" data-widget_type=\"heading.default\">\n\t\t\t\t<div class=\"elementor-widget-container\">\n\t\t\t\t\t<h2 class=\"elementor-heading-title elementor-size-default\">Vertrauen Sie den Experten im Transport von Autoscheiben.\n\n<\/h2>\t\t\t\t<\/div>\n\t\t\t\t<\/div>\n\t\t\t\t<div class=\"elementor-element elementor-element-4fea9cb elementor-widget elementor-widget-button\" data-id=\"4fea9cb\" data-element_type=\"widget\" data-widget_type=\"button.default\">\n\t\t\t\t<div class=\"elementor-widget-container\">\n\t\t\t\t\t\t\t\t\t<div class=\"elementor-button-wrapper\">\n\t\t\t\t\t<a class=\"elementor-button elementor-button-link elementor-size-sm\" href=\"https:\/\/tpd-transport.com\/index.php\/kontakt\/\">\n\t\t\t\t\t\t<span class=\"elementor-button-content-wrapper\">\n\t\t\t\t\t\t\t\t\t<span class=\"elementor-button-text\">Jetzt Transport anfragen<\/span>\n\t\t\t\t\t<\/span>\n\t\t\t\t\t<\/a>\n\t\t\t\t<\/div>\n\t\t\t\t\t\t\t\t<\/div>\n\t\t\t\t<\/div>\n\t\t\t\t<\/div>\n\t\t<footer class=\"elementor-element elementor-element-430334ce e-con-full e-flex e-con e-parent\" data-id=\"430334ce\" data-element_type=\"container\">\n\t\t<div class=\"elementor-element elementor-element-57be76d8 e-con-full e-flex e-con e-child\" data-id=\"57be76d8\" data-element_type=\"container\">\n\t\t\t\t<div class=\"elementor-element elementor-element-70895332 elementor-widget elementor-widget-image\" data-id=\"70895332\" data-element_type=\"widget\" data-widget_type=\"image.default\">\n\t\t\t\t<div class=\"elementor-widget-container\">\n\t\t\t\t\t\t\t\t\t\t\t\t\t\t\t<img fetchpriority=\"high\" decoding=\"async\" width=\"773\" height=\"220\" src=\"https:\/\/tpd-transport.com\/wp-content\/uploads\/2025\/03\/Zrzut-ekranu-2025-03-23-o-12.05.58.png\" class=\"attachment-full size-full wp-image-817\" alt=\"\" srcset=\"https:\/\/tpd-transport.com\/wp-content\/uploads\/2025\/03\/Zrzut-ekranu-2025-03-23-o-12.05.58.png 773w, https:\/\/tpd-transport.com\/wp-content\/uploads\/2025\/03\/Zrzut-ekranu-2025-03-23-o-12.05.58-300x85.png 300w, https:\/\/tpd-transport.com\/wp-content\/uploads\/2025\/03\/Zrzut-ekranu-2025-03-23-o-12.05.58-768x219.png 768w\" sizes=\"(max-width: 773px) 100vw, 773px\" \/>\t\t\t\t\t\t\t\t\t\t\t\t\t\t\t<\/div>\n\t\t\t\t<\/div>\n\t\t\t\t<\/div>\n\t\t<div class=\"elementor-element elementor-element-6d5d47fa e-con-full e-flex e-con e-child\" data-id=\"6d5d47fa\" data-element_type=\"container\">\n\t\t\t\t<div class=\"elementor-element elementor-element-317ee143 elementor-icon-list--layout-inline elementor-tablet-align-center elementor-align-center elementor-list-item-link-full_width elementor-widget elementor-widget-icon-list\" data-id=\"317ee143\" data-element_type=\"widget\" data-widget_type=\"icon-list.default\">\n\t\t\t\t<div class=\"elementor-widget-container\">\n\t\t\t\t\t\t\t<ul class=\"elementor-icon-list-items elementor-inline-items\">\n\t\t\t\t\t\t\t<li class=\"elementor-icon-list-item elementor-inline-item\">\n\t\t\t\t\t\t\t\t\t\t<span class=\"elementor-icon-list-text\">USt-IdNr: DE451992449 <\/span>\n\t\t\t\t\t\t\t\t\t<\/li>\n\t\t\t\t\t\t\t\t<li class=\"elementor-icon-list-item elementor-inline-item\">\n\t\t\t\t\t\t\t\t\t\t<span class=\"elementor-icon-list-text\">Belgische Str. 1 , 15234 Frankfurt (Oder), Deutschland<\/span>\n\t\t\t\t\t\t\t\t\t<\/li>\n\t\t\t\t\t\t\t\t<li class=\"elementor-icon-list-item elementor-inline-item\">\n\t\t\t\t\t\t\t\t\t\t<span class=\"elementor-icon-list-text\">Mo - Fr 8:00 - 18:00<\/span>\n\t\t\t\t\t\t\t\t\t<\/li>\n\t\t\t\t\t\t<\/ul>\n\t\t\t\t\t\t<\/div>\n\t\t\t\t<\/div>\n\t\t\t\t<\/div>\n\t\t<div class=\"elementor-element elementor-element-49342b85 e-con-full e-flex e-con e-child\" data-id=\"49342b85\" data-element_type=\"container\">\n\t\t\t\t<div class=\"elementor-element elementor-element-55b1eef7 e-grid-align-right e-grid-align-tablet-right e-grid-align-mobile-center elementor-widget-mobile__width-inherit elementor-shape-rounded elementor-grid-0 elementor-widget elementor-widget-social-icons\" data-id=\"55b1eef7\" data-element_type=\"widget\" data-widget_type=\"social-icons.default\">\n\t\t\t\t<div class=\"elementor-widget-container\">\n\t\t\t\t\t\t\t<div class=\"elementor-social-icons-wrapper elementor-grid\">\n\t\t\t\t\t\t\t<span class=\"elementor-grid-item\">\n\t\t\t\t\t<a class=\"elementor-icon elementor-social-icon elementor-social-icon-facebook-f elementor-repeater-item-3f1b7ac\" target=\"_blank\">\n\t\t\t\t\t\t<span class=\"elementor-screen-only\">Facebook-f<\/span>\n\t\t\t\t\t\t<svg class=\"e-font-icon-svg e-fab-facebook-f\" viewBox=\"0 0 320 512\" xmlns=\"http:\/\/www.w3.org\/2000\/svg\"><path d=\"M279.14 288l14.22-92.66h-88.91v-60.13c0-25.35 12.42-50.06 52.24-50.06h40.42V6.26S260.43 0 225.36 0c-73.22 0-121.08 44.38-121.08 124.72v70.62H22.89V288h81.39v224h100.17V288z\"><\/path><\/svg>\t\t\t\t\t<\/a>\n\t\t\t\t<\/span>\n\t\t\t\t\t\t\t<span class=\"elementor-grid-item\">\n\t\t\t\t\t<a class=\"elementor-icon elementor-social-icon elementor-social-icon- elementor-repeater-item-5c0ce3c\" target=\"_blank\">\n\t\t\t\t\t\t<span class=\"elementor-screen-only\"><\/span>\n\t\t\t\t\t\t<svg xmlns=\"http:\/\/www.w3.org\/2000\/svg\" id=\"aaf4d88f-6908-42b9-b3d6-5d6a3ec06a43\" data-name=\"Layer 1\" width=\"27\" height=\"26\" viewBox=\"0 0 27 26\"><path d=\"M26.9922,13.12c0-1.952.0071-3.904-.0054-5.856a7.4912,7.4912,0,0,0-.12-1.3338,6.9762,6.9762,0,0,0-2.4989-4.1911,7.3149,7.3149,0,0,0-4.73-1.7279c-4.031-.02-8.0623-.0061-12.0935-.0071a7.347,7.347,0,0,0-3.6653.907,6.9367,6.9367,0,0,0-3.85,6.2265C-.025,11.0332.0121,14.93.0169,18.8272a6.5069,6.5069,0,0,0,.8908,3.3475A7.2785,7.2785,0,0,0,7.419,25.9708c4.0565.0558,8.1145.0148,12.1719.0131a7.6378,7.6378,0,0,0,4.9015-1.8408,6.9218,6.9218,0,0,0,2.4928-5.276C27.0143,16.9517,26.9915,15.0354,26.9922,13.12ZM13.4174,20.21a7.3625,7.3625,0,0,1-7.4061-7.2182,7.3505,7.3505,0,0,1,7.4992-7.2115,7.3516,7.3516,0,0,1,7.4852,7.2146A7.37,7.37,0,0,1,13.4174,20.21ZM22.4962,5.7791a1.48,1.48,0,0,1-1.5005-1.4476,1.5014,1.5014,0,0,1,3-.0009A1.481,1.481,0,0,1,22.4962,5.7791Z\" transform=\"translate(0 0)\" style=\"fill-rule:evenodd\"><\/path><path d=\"M13.4969,8.3571a4.7331,4.7331,0,0,0-4.8183,4.6445,4.74,4.74,0,0,0,4.8241,4.6413,4.74,4.74,0,0,0,4.8187-4.6466A4.7342,4.7342,0,0,0,13.4969,8.3571Z\" transform=\"translate(0 0)\" style=\"fill-rule:evenodd\"><\/path><\/svg>\t\t\t\t\t<\/a>\n\t\t\t\t<\/span>\n\t\t\t\t\t\t\t<span class=\"elementor-grid-item\">\n\t\t\t\t\t<a class=\"elementor-icon elementor-social-icon elementor-social-icon-twitter elementor-repeater-item-828f132\" target=\"_blank\">\n\t\t\t\t\t\t<span class=\"elementor-screen-only\">Twitter<\/span>\n\t\t\t\t\t\t<svg class=\"e-font-icon-svg e-fab-twitter\" viewBox=\"0 0 512 512\" xmlns=\"http:\/\/www.w3.org\/2000\/svg\"><path d=\"M459.37 151.716c.325 4.548.325 9.097.325 13.645 0 138.72-105.583 298.558-298.558 298.558-59.452 0-114.68-17.219-161.137-47.106 8.447.974 16.568 1.299 25.34 1.299 49.055 0 94.213-16.568 130.274-44.832-46.132-.975-84.792-31.188-98.112-72.772 6.498.974 12.995 1.624 19.818 1.624 9.421 0 18.843-1.3 27.614-3.573-48.081-9.747-84.143-51.98-84.143-102.985v-1.299c13.969 7.797 30.214 12.67 47.431 13.319-28.264-18.843-46.781-51.005-46.781-87.391 0-19.492 5.197-37.36 14.294-52.954 51.655 63.675 129.3 105.258 216.365 109.807-1.624-7.797-2.599-15.918-2.599-24.04 0-57.828 46.782-104.934 104.934-104.934 30.213 0 57.502 12.67 76.67 33.137 23.715-4.548 46.456-13.32 66.599-25.34-7.798 24.366-24.366 44.833-46.132 57.827 21.117-2.273 41.584-8.122 60.426-16.243-14.292 20.791-32.161 39.308-52.628 54.253z\"><\/path><\/svg>\t\t\t\t\t<\/a>\n\t\t\t\t<\/span>\n\t\t\t\t\t<\/div>\n\t\t\t\t\t\t<\/div>\n\t\t\t\t<\/div>\n\t\t\t\t<\/div>\n\t\t\t\t<\/footer>\n\t\t<div class=\"elementor-element elementor-element-2b72f91 e-flex e-con-boxed e-con e-parent\" data-id=\"2b72f91\" data-element_type=\"container\" data-settings=\"{&quot;background_background&quot;:&quot;classic&quot;}\">\n\t\t\t\t\t<div class=\"e-con-inner\">\n\t\t\t\t<div class=\"elementor-element elementor-element-719c2da elementor-widget elementor-widget-heading\" data-id=\"719c2da\" data-element_type=\"widget\" data-widget_type=\"heading.default\">\n\t\t\t\t<div class=\"elementor-widget-container\">\n\t\t\t\t\t<p class=\"elementor-heading-title elementor-size-default\">\u00a9 2025 All Rights Reserved TPD TRANSPORT &amp; LOGISTIK. <\/p>\t\t\t\t<\/div>\n\t\t\t\t<\/div>\n\t\t\t\t\t<\/div>\n\t\t\t\t<\/div>\n\t\t\t\t<\/div>\n\t\t","protected":false},"excerpt":{"rendered":"<p>kontakt@tpd-transport.com Sicherheit und Technologie Der Transport von Autoscheiben ist eine anspruchsvolle Aufgabe \u2013 selbst kleinste Besch\u00e4digungen k\u00f6nnen die Ladung unbrauchbar machen. Daher setzen wir modernste L\u00f6sungen ein, um das Risiko von Ersch\u00fctterungen, Rissen und anderen Sch\u00e4den w\u00e4hrend des Transports zu minimieren. Spezialisierte Methoden zur Glasbefestigung Transportgestelle Spezielle Gestelle f\u00fcr den Transport von Autoscheiben, die eine [&hellip;]<\/p>\n","protected":false},"author":1,"featured_media":0,"parent":0,"menu_order":0,"comment_status":"closed","ping_status":"closed","template":"","meta":{"footnotes":""},"class_list":["post-424","page","type-page","status-publish","hentry"],"_links":{"self":[{"href":"https:\/\/tpd-transport.com\/index.php\/wp-json\/wp\/v2\/pages\/424","targetHints":{"allow":["GET"]}}],"collection":[{"href":"https:\/\/tpd-transport.com\/index.php\/wp-json\/wp\/v2\/pages"}],"about":[{"href":"https:\/\/tpd-transport.com\/index.php\/wp-json\/wp\/v2\/types\/page"}],"author":[{"embeddable":true,"href":"https:\/\/tpd-transport.com\/index.php\/wp-json\/wp\/v2\/users\/1"}],"replies":[{"embeddable":true,"href":"https:\/\/tpd-transport.com\/index.php\/wp-json\/wp\/v2\/comments?post=424"}],"version-history":[{"count":65,"href":"https:\/\/tpd-transport.com\/index.php\/wp-json\/wp\/v2\/pages\/424\/revisions"}],"predecessor-version":[{"id":1248,"href":"https:\/\/tpd-transport.com\/index.php\/wp-json\/wp\/v2\/pages\/424\/revisions\/1248"}],"wp:attachment":[{"href":"https:\/\/tpd-transport.com\/index.php\/wp-json\/wp\/v2\/media?parent=424"}],"curies":[{"name":"wp","href":"https:\/\/api.w.org\/{rel}","templated":true}]}}